{"id":4956,"date":"2019-06-11T11:10:54","date_gmt":"2019-06-11T11:10:54","guid":{"rendered":"https:\/\/centrodearteoliva.pt\/obras-para-a-cidade\/"},"modified":"2024-02-07T09:58:03","modified_gmt":"2024-02-07T09:58:03","slug":"obras-para-a-cidade","status":"publish","type":"page","link":"https:\/\/centrodearteoliva.pt\/en\/obras-para-a-cidade\/","title":{"rendered":"Artworks for the city"},"content":{"rendered":"","protected":false},"excerpt":{"rendered":"","protected":false},"author":1,"featured_media":0,"parent":0,"menu_order":0,"comment_status":"closed","ping_status":"closed","template":"page-projects.php","meta":{"_acf_changed":false,"inline_featured_image":false,"footnotes":""},"class_list":["post-4956","page","type-page","status-publish","hentry"],"acf":{"metadata__image":false,"hero_image_or_slideshow":false,"flx_lyt":[{"acf_fc_layout":"flx_lyt__text","flx_lyt__text":"<p><strong>2021-2022<\/strong><\/p>\n<p>In 2021, Oliva Art Centre continued the project Obras para a Cidade, a programme to foster the community\u2019s contact with artworks shown in public places in the city of S\u00e3o Jo\u00e3o da Madeira. All the selected works include painting, photography, sculpture and drawing. All the selected works belong to the Norlinda and Jos\u00e9 Lima Collection.<\/p>\n<p><span style=\"font-weight: 400;\">In stage three, from December 2020 to March 2022, the works are shown at the City Hall, Casa da Criatividade and Academia de M\u00fasica.<\/span><\/p>\n"},{"acf_fc_layout":"flx_lyt__slideshow","flx_lyt__width":"","flx_lyt__slideshow":[{"flx_lyt__slideshow__numcol":true,"flx_lyt__image":3910,"flx_lyt__image2":3913,"flx_lyt__url":"","flx_lyt__url2":"","flx_lyt__caption":"Gon\u00e7alo Mabunda. The Mineral Throne, 2014. City Hall \u00a9 Ant\u00f3nio Teixeira","flx_lyt__caption2":"Vik Muniz. Prison XIV, The Gothic Arch, After Piranesi (Carceri), 2002. Casa da Criatividade \u00a9 Paulo Cunha Martins"},{"flx_lyt__slideshow__numcol":true,"flx_lyt__image":4211,"flx_lyt__image2":4210,"flx_lyt__url":"","flx_lyt__url2":"","flx_lyt__caption":"Alexandre Farto. Overlays #3, 2009 (detalhe). Casa da Criatividade","flx_lyt__caption2":"Mariana Gomes. Untitled, 2019 (detail). Academy of Music \u00a9 Vasco Stocker Vilhena \/ Cristina Guerra Contemporary Art"}]},{"acf_fc_layout":"flx_lyt__text","flx_lyt__text":"<p><strong>2018 &#8211; 2019<\/strong><\/p>\n<p>In April 2018, Oliva Art Centre launched the project Obras para a Cidade, a programme to foster the community\u2019s contact with artworks shown in public places in the city of S\u00e3o Jo\u00e3o da Madeira. All the selected works belong to the Norlinda and Jos\u00e9 Lima Collection; they include painting, photography, sculpture and drawing.<\/p>\n<p>During stage one, from April 2018 to June 2019, and stage two, which began in July 2019, the artworks were shown at the Municipal Market, Casa da Criatividade, Municipal Library, Academia de M\u00fasica, Sanjotec and the City Hall. In the second phase, which started in July 2019, the locations remained the same.<\/p>\n<p>The project included actions designed by the Educational Project, which explored the relationships between the artworks and the people who inhabit and visit those spaces: Sopa Transatl\u00e2ntica [Transatlantic soup] at the Municipal Market, As sombras do dia [The shadows of the day] at the Municipal Library, Percurso orientado Obras para a Cidade [Guided visit to Works for the City] at the Municipal Library, the City Hall and Casa da Criatividade; the Collection was shown specifically at the city\u2019s schools.<\/p>\n"},{"acf_fc_layout":"flx_lyt__slideshow","flx_lyt__width":"","flx_lyt__slideshow":[{"flx_lyt__slideshow__numcol":true,"flx_lyt__image":3472,"flx_lyt__image2":3437,"flx_lyt__url":"","flx_lyt__url2":"","flx_lyt__caption":"Jorge D\u00edas. Signals, 2012. Municipal Market \u00a9 Paulo Cunha Martins","flx_lyt__caption2":"Nuno Sousa Vieira. Piece to Decide, 2009. City Hall \u00a9 Paulo Cunha Martins"},{"flx_lyt__slideshow__numcol":true,"flx_lyt__image":3517,"flx_lyt__image2":3524,"flx_lyt__url":"","flx_lyt__url2":"","flx_lyt__caption":"Vik Muniz. Prison XIV, The Gothic Arch, After Piranesi (Carceri), 2002. Casa da Criatividade \u00a9 Paulo Cunha Martins","flx_lyt__caption2":"Jo\u00e3o Maria Gusm\u00e3o + Pedro Paiva. The Spirit of Gravity 2, 2006\/2008. Municipal Library \u00a9 Paulo Cunha Martins"},{"flx_lyt__slideshow__numcol":true,"flx_lyt__image":3494,"flx_lyt__image2":3516,"flx_lyt__url":"","flx_lyt__url2":"","flx_lyt__caption":"Jan Voss. Relief Rouge, 2008. Academy of Music \u00a9 Paulo Cunha Martins","flx_lyt__caption2":"Dan Graham. Model, 2011. Sanjotec \u00a9 Ant\u00f3nio Teixeira"},{"flx_lyt__slideshow__numcol":true,"flx_lyt__image":3503,"flx_lyt__image2":3504,"flx_lyt__url":"","flx_lyt__url2":"","flx_lyt__caption":"Carlos Noronha Feio. Trying to Reach Point Zero, 2009. City Hall \u00a9 R\u00faben Vides","flx_lyt__caption2":"Miguel Palma. Scenario #2, 2005. Casa da Criatividade \u00a9 Dinis Santos"},{"flx_lyt__slideshow__numcol":true,"flx_lyt__image":4219,"flx_lyt__image2":3506,"flx_lyt__url":"","flx_lyt__url2":"","flx_lyt__caption":"Artur Cruzeiro Seixas. The Second Nature of Being, 1970 | Artur Cruzeiro Seixas. Difficult Passage, 1970. Municipal Library \u00a9 Jo\u00e3o Rita","flx_lyt__caption2":"Susanne Themlitz. Migratory Landscape #12, 2009. Academy of Music \u00a9 Andr\u00e9 Rocha"}]}],"metadata__title":"","metadata__description":"","hero_image":3481,"proj__activities_type":false},"_links":{"self":[{"href":"https:\/\/centrodearteoliva.pt\/en\/wp-json\/wp\/v2\/pages\/4956","targetHints":{"allow":["GET"]}}],"collection":[{"href":"https:\/\/centrodearteoliva.pt\/en\/wp-json\/wp\/v2\/pages"}],"about":[{"href":"https:\/\/centrodearteoliva.pt\/en\/wp-json\/wp\/v2\/types\/page"}],"author":[{"embeddable":true,"href":"https:\/\/centrodearteoliva.pt\/en\/wp-json\/wp\/v2\/users\/1"}],"replies":[{"embeddable":true,"href":"https:\/\/centrodearteoliva.pt\/en\/wp-json\/wp\/v2\/comments?post=4956"}],"version-history":[{"count":3,"href":"https:\/\/centrodearteoliva.pt\/en\/wp-json\/wp\/v2\/pages\/4956\/revisions"}],"predecessor-version":[{"id":5980,"href":"https:\/\/centrodearteoliva.pt\/en\/wp-json\/wp\/v2\/pages\/4956\/revisions\/5980"}],"wp:attachment":[{"href":"https:\/\/centrodearteoliva.pt\/en\/wp-json\/wp\/v2\/media?parent=4956"}],"curies":[{"name":"wp","href":"https:\/\/api.w.org\/{rel}","templated":true}]}}