{"id":4581,"date":"2019-06-07T14:10:31","date_gmt":"2019-06-07T14:10:31","guid":{"rendered":"https:\/\/centrodearteoliva.pt\/loans-of-artworks\/"},"modified":"2024-02-05T12:06:44","modified_gmt":"2024-02-05T12:06:44","slug":"loans-of-artworks","status":"publish","type":"page","link":"https:\/\/centrodearteoliva.pt\/en\/loans-of-artworks\/","title":{"rendered":"Loan of works"},"content":{"rendered":"","protected":false},"excerpt":{"rendered":"","protected":false},"author":1,"featured_media":0,"parent":0,"menu_order":0,"comment_status":"closed","ping_status":"closed","template":"","meta":{"_acf_changed":false,"inline_featured_image":false,"footnotes":""},"class_list":["post-4581","page","type-page","status-publish","hentry"],"acf":{"metadata__image":false,"hero_image":false,"hero_image_or_slideshow":false,"flx_lyt":[{"acf_fc_layout":"flx_lyt__title","flx_lyt__title":"Conditions for temporary loan of artworks in the collections."},{"acf_fc_layout":"flx_lyt__text","flx_lyt__text":"<p>Oliva Art Centre contributes to temporary exhibitions in Portugal and abroad by loaning artworks from its collections, thereby promoting the collaboration with different artistic and museum institutions and fostering access to the artworks by a wider audience.<\/p>\n<p><span style=\"text-decoration: underline;\">Requests should be submitted at least six months in advance<\/span> to the Board of Directors of Oliva Art Centre for joint evaluation with the respective collection owners. The request must contain information about the exhibition project, location and dates of exhibition and identification of the works requested.<\/p>\n<p><span style=\"text-decoration: underline;\">The following criteria contribute to loan authorization:<\/span> conservation status of the work(s); quality of the exhibition design; availability of the requested work(s); appreciation of the impact of the absence of the work(s) at the Oliva Art Center.<\/p>\n<p><strong>All cost incurred with preparation, restoration work, packaging, transportation, photography, courier expenses and artwork insurance are the responsibility of the relevant exhibition promoters.<\/strong><\/p>\n<p>Due to the growing volume of artwork requests, and in order to continue developing and increasing loans, all loans of over twelve (12) artworks are subject to other charges. All conditions can be consulted in the attached document. <\/p>\n"},{"acf_fc_layout":"flx_lyt__document","flx_lyt__document_title":"Conditions for temporary loan of artworks","flx_lyt__document_image":3627,"flx_lyt__document_description":"","flx_lyt__document_file":"https:\/\/centrodearteoliva.pt\/wp-content\/uploads\/2021\/07\/Condi\u00e7\u00f5es-de-ced\u00eancia-tempor\u00e1ria-de-obras-CAO.pdf"},{"acf_fc_layout":"flx_lyt__title","flx_lyt__title":"Authorization for the use of photographs"},{"acf_fc_layout":"flx_lyt__text","flx_lyt__text":"<p>All requests for images of artworks in the collections on loan at Oliva Art Centre, or for exhibition visits, must be addressed to <a href=\"mailto:centrodearteoliva@cm-sjm.pt\" target=\"_blank\" rel=\"noopener\">centrodearteoliva@cm-sjm.pt.<\/a> The request must identify the purpose of image use. An Agreement of Authorization for the Use of Photographs must be filled and signed; the document will be forwarded after reception of requests and the respective credits will be identified in it. The images of some artworks may be copyright restricted and require the authorization of the artists\/copyright owners. Obtaining the relevant authorization form copyright owners is the sole responsibility of the user\/requester.   <\/p>\n"},{"acf_fc_layout":"flx_lyt__document","flx_lyt__document_title":"","flx_lyt__document_image":false,"flx_lyt__document_description":"","flx_lyt__document_file":false},{"acf_fc_layout":"flx_lyt__text","flx_lyt__text":""}],"metadata__title":"","metadata__description":""},"_links":{"self":[{"href":"https:\/\/centrodearteoliva.pt\/en\/wp-json\/wp\/v2\/pages\/4581","targetHints":{"allow":["GET"]}}],"collection":[{"href":"https:\/\/centrodearteoliva.pt\/en\/wp-json\/wp\/v2\/pages"}],"about":[{"href":"https:\/\/centrodearteoliva.pt\/en\/wp-json\/wp\/v2\/types\/page"}],"author":[{"embeddable":true,"href":"https:\/\/centrodearteoliva.pt\/en\/wp-json\/wp\/v2\/users\/1"}],"replies":[{"embeddable":true,"href":"https:\/\/centrodearteoliva.pt\/en\/wp-json\/wp\/v2\/comments?post=4581"}],"version-history":[{"count":4,"href":"https:\/\/centrodearteoliva.pt\/en\/wp-json\/wp\/v2\/pages\/4581\/revisions"}],"predecessor-version":[{"id":5938,"href":"https:\/\/centrodearteoliva.pt\/en\/wp-json\/wp\/v2\/pages\/4581\/revisions\/5938"}],"wp:attachment":[{"href":"https:\/\/centrodearteoliva.pt\/en\/wp-json\/wp\/v2\/media?parent=4581"}],"curies":[{"name":"wp","href":"https:\/\/api.w.org\/{rel}","templated":true}]}}