{"id":4578,"date":"2019-06-07T14:04:07","date_gmt":"2019-06-07T14:04:07","guid":{"rendered":"https:\/\/centrodearteoliva.pt\/contact-and-location\/"},"modified":"2024-02-05T11:40:49","modified_gmt":"2024-02-05T11:40:49","slug":"contact-and-location","status":"publish","type":"page","link":"https:\/\/centrodearteoliva.pt\/en\/contact-and-location\/","title":{"rendered":"Contact and location"},"content":{"rendered":"","protected":false},"excerpt":{"rendered":"","protected":false},"author":1,"featured_media":0,"parent":0,"menu_order":0,"comment_status":"closed","ping_status":"closed","template":"","meta":{"_acf_changed":false,"inline_featured_image":false,"footnotes":""},"class_list":["post-4578","page","type-page","status-publish","hentry"],"acf":{"metadata__image":false,"hero_image":false,"hero_image_or_slideshow":false,"flx_lyt":[{"acf_fc_layout":"flx_lyt__text","flx_lyt__text":"<p>Rua Paula Rego<br \/>\n3700-119 S. Jo\u00e3o da Madeira<br \/>\nPhone number: <a href=\"tel:+351256004190\" target=\"_blank\" rel=\"noopener\">+351 256 004 190<\/a><br \/>\nE-mail: <a href=\"mailto:centrodearteoliva@cm-sjm.pt\" target=\"_blank\" rel=\"noopener\">centrodearteoliva@cm-sjm.pt<\/a><\/p>\n"},{"acf_fc_layout":"flx_lyt__map","flx_lyt__map__embed":"<iframe src=\"https:\/\/www.google.com\/maps\/embed?pb=!1m18!1m12!1m3!1d3015.4740876138067!2d-8.498941684133886!3d40.90534987931121!2m3!1f0!2f0!3f0!3m2!1i1024!2i768!4f13.1!3m3!1m2!1s0xd2381e835be71a1%3A0x214aeeceddd30403!2sCentro+de+Arte+Oliva!5e0!3m2!1spt-PT!2spt!4v1560250153351!5m2!1spt-PT!2spt\" width=\"600\" height=\"450\" frameborder=\"0\" style=\"border:0\" allowfullscreen><\/iframe>"},{"acf_fc_layout":"flx_lyt__text","flx_lyt__text":"<p><strong>Oliva Art Centre is on Rua da Fundi\u00e7\u00e3o, in S. Jo\u00e3o da Madeira, inside the Oliva Creative Factory complex. Nearby are the Hat-making Museum, the Shoemaking Museum and Oliva Tower, which hosts the Industrial Tourism office. <\/strong><\/p>\n"},{"acf_fc_layout":"flx_lyt__title","flx_lyt__title":"Getting there"},{"acf_fc_layout":"flx_lyt__text","flx_lyt__text":"<p>40 km from Porto and 45 km from Aveiro, S. Jo\u00e3o da Madeira is located at in the north of Beira Litoral Region and the Aveiro district, within the Porto Metropolitan Area.<\/p>\n<p>GPS coordinates<br \/>\nLatitude: 40\u00b0 54&#8242; 20.048&#8243; N<br \/>\nLongitude: 8\u00b0 29&#8242; 48.271&#8243; W<\/p>\n<p><span style=\"text-decoration: underline;\">Car<\/span><br \/>\nTravelling on the A1 take exit 18, Feira\/Ovar, and drive along the N223, S. Jo\u00e3o da Madeira\/Vale de Cambra.<br \/>\nTravelling on the A29 take exit 6, S. Jo\u00e3o da Madeira, and continue on N223.<br \/>\nTravelling on A32 take the S. Jo\u00e3o da Madeira exit.<\/p>\n<p><strong>Free parking at Oliva Creative Factory, 100 metres from Oliva Art Centre.<\/strong><\/p>\n<p><span style=\"text-decoration: underline;\">Bus<\/span><br \/>\nUnir and Rede Nacional de Expressos operate from Porto. In S. Jo\u00e3o da Madeira get off at Museu da Chapelaria\/Torre da Oliva stop. Schedule info at Unir or <a href=\"https:\/\/www.rede-expressos.pt\/\">Rede Nacional de Expressos<\/a> websites. In S. Jo\u00e3o da Madeira get off at Museu da Chapelaria\/Torre da Oliva stop. <\/p>\n<p><span style=\"text-decoration: underline;\">Trains<\/span><br \/>\nTaking the trains from Porto or Lisbon, get off at Espinho train station, which connects to S. Jo\u00e3o da Madeira via the Vale do Vouga Line. From the station to Oliva Art Centre is only a 15-minute walk.<br \/>\nSchedule info at<a href=\"https:\/\/www.cp.pt\/passageiros\/pt\/consultar-horarios\">CP \u2013 Comboios de Portugal<\/a> website.<\/p>\n"}],"metadata__title":"","metadata__description":""},"_links":{"self":[{"href":"https:\/\/centrodearteoliva.pt\/en\/wp-json\/wp\/v2\/pages\/4578","targetHints":{"allow":["GET"]}}],"collection":[{"href":"https:\/\/centrodearteoliva.pt\/en\/wp-json\/wp\/v2\/pages"}],"about":[{"href":"https:\/\/centrodearteoliva.pt\/en\/wp-json\/wp\/v2\/types\/page"}],"author":[{"embeddable":true,"href":"https:\/\/centrodearteoliva.pt\/en\/wp-json\/wp\/v2\/users\/1"}],"replies":[{"embeddable":true,"href":"https:\/\/centrodearteoliva.pt\/en\/wp-json\/wp\/v2\/comments?post=4578"}],"version-history":[{"count":5,"href":"https:\/\/centrodearteoliva.pt\/en\/wp-json\/wp\/v2\/pages\/4578\/revisions"}],"predecessor-version":[{"id":5806,"href":"https:\/\/centrodearteoliva.pt\/en\/wp-json\/wp\/v2\/pages\/4578\/revisions\/5806"}],"wp:attachment":[{"href":"https:\/\/centrodearteoliva.pt\/en\/wp-json\/wp\/v2\/media?parent=4578"}],"curies":[{"name":"wp","href":"https:\/\/api.w.org\/{rel}","templated":true}]}}