{"id":4577,"date":"2019-06-07T14:13:28","date_gmt":"2019-06-07T14:13:28","guid":{"rendered":"https:\/\/centrodearteoliva.pt\/about-us\/"},"modified":"2025-07-28T16:21:22","modified_gmt":"2025-07-28T16:21:22","slug":"about-us","status":"publish","type":"page","link":"https:\/\/centrodearteoliva.pt\/en\/about-us\/","title":{"rendered":"About Us"},"content":{"rendered":"","protected":false},"excerpt":{"rendered":"","protected":false},"author":1,"featured_media":0,"parent":0,"menu_order":0,"comment_status":"closed","ping_status":"closed","template":"","meta":{"_acf_changed":false,"inline_featured_image":false,"footnotes":""},"class_list":["post-4577","page","type-page","status-publish","hentry"],"acf":{"metadata__image":false,"hero_image":false,"hero_image_or_slideshow":false,"flx_lyt":[{"acf_fc_layout":"flx_lyt__title","flx_lyt__title":"Mission"},{"acf_fc_layout":"flx_lyt__text","flx_lyt__text":"<p>Oliva Art Centre is a place to meet, know and interpret the visual arts of the 20th and 21st centuries. It is the only institution in Portugal working regularly with contemporary art and art brut\/outsider art. Our mission is based on the understanding that art is a complex, challenging field subject to constant revision and expansion, which translates into a programming whose exhibitions and projects generate new interpretations of the various unfolding histories of art. Our exhibition projects, educational programme and collaborative initiatives seek to develop a vital, accessible and participative relationship with the arts.<\/p>\n"},{"acf_fc_layout":"flx_lyt__title","flx_lyt__title":"Presentation"},{"acf_fc_layout":"flx_lyt__images","flx_lyt__width":"bigger","flx_lyt__image":3362,"flx_lyt__image2":false,"flx_lyt__url":"","flx_lyt__url2":"","flx_lyt__caption":"","flx_lyt__caption2":"","flx_lyt__image__numcol":false},{"acf_fc_layout":"flx_lyt__text","flx_lyt__text":"<p>O Centro de Arte Oliva alberga desde a sua funda\u00e7\u00e3o duas cole\u00e7\u00f5es particulares em regime de dep\u00f3sito a longo prazo. <strong>A Cole\u00e7\u00e3o de A<\/strong><strong>rte Moderna e Contempor\u00e2nea Norlinda e Jos\u00e9 Lima <\/strong>que incorpora aproximadamente mil e duzentas obras de arte da autoria de duzentos e cinquenta artistas portugueses e cerca de outros tantos internacionais. [<a href=\"https:\/\/centrodearteoliva.pt\/colecao-post\/colecao-de-arte-contemporanea-norlinda-e-jose-lima\/\">+ sobre a Cole\u00e7\u00e3o<\/a>]. <strong>A Cole\u00e7\u00e3o de Arte Bruta\/Outsider Treger\/ Saint Silvestre <\/strong>que integra cerca de mil e quinhentas obras de cerca de trezentos e cinquenta autores de distintas nacionalidades europeias, africanas, americanas e asi\u00e1ticas [<a href=\"https:\/\/centrodearteoliva.pt\/colecao-post\/colecao-de-arte-bruta-outsider-treger-saint-silvestre\/\">+ sobre a Cole\u00e7\u00e3o<\/a>]. They are the result of forty years of uninterrupted collecting. Despite their markedly different orientation, the two collections share a unique significance in the Portuguese panorama. The collections have been shown in the context of a temporary exhibitions programme that is the only one in Portugal to regularly and continually feature contemporary and art brut\/outsider art.<\/p>\n<p>Aside from the exhibitions featuring artworks from the resident collections, Oliva Art Centre hosts a temporary exhibitions programme with three main guidelines: to allow for the discovery and knowledge with artworks by artists whose value is unquestionable, but whose work is not well-known or has never been shown in Portugal; to foster the intersection of the visual arts and other fields of creation (such as film, dance, design and architecture) and to promote projects featuring new narratives, interpretations and contributions to art history; to privilege projects that contribute to widen the range of visual art programming in Portugal.<\/p>\n"},{"acf_fc_layout":"flx_lyt__title","flx_lyt__title":"History"},{"acf_fc_layout":"flx_lyt__images","flx_lyt__width":"","flx_lyt__image":false,"flx_lyt__image2":false,"flx_lyt__url":"","flx_lyt__url2":"","flx_lyt__caption":"Ed\u00edficios Gerais, Cortesia Museu da Chapelaria, SJM","flx_lyt__caption2":"Fundi\u00e7\u00e3o, Cortesia Museu da Chapelaria, SJM","flx_lyt__image__numcol":true},{"acf_fc_layout":"flx_lyt__text","flx_lyt__text":"<p>Oliva Art Centre was created by the S\u00e3o Jo\u00e3o da Madeira Municipal Council within the scope of a wide rehabilitation plan for the buildings of former metallurgic plant Oliva, which were reconverted into a cultural project. Initially called N\u00facleo de Arte da Oliva [Oliva Art Nucleus], it opened in 2013; it was renamed Centro de Arte Oliva [Oliva art Centre] in 2019, which coincided with the creation of its new visual identity.<\/p>\n<p>Oliva began in 1925 with the creation of the company A. J. Oliveira, Filhos &amp; C\u00aa, Lda, which produced equipment for S\u00e3o Jo\u00e3o da Madeira\u2019s thriving hat-making industry. In their first year, they began manufacturing agricultural equipment and quickly moved on the produce cast-iron, enamelled bathtubs, thereby becoming a unique facility in the Portuguese industrial landscape. In the 1940s, the company started to produce its emblematic Oliva sowing-machines, launching precision mass-production in Portugal.<\/p>\n<p>In 1944, Porto\u2019s studio ARS Arquitectos were commissioned to design two pavilions to install assembly lines, sowing machine production and a foundry. The company became publicly known as Oliva and its image continues to endure today thanks to an advertising strategy that included posters conceived by modernist designer Alberto Cardoso, the participation in Portuguese films and advertising campaigns across the country and in the then colonies of Angola and Mozambique.<\/p>\n<p>During the 1950s Oliva began heavy iron smelting, which entailed the construction of new buildings (also designed by ARS studio). Centro de Arte Oliva is installed in one of the latest buildings from the early 1960s, the foundry\u2019s warehouses and \u2018general-purpose buildings\u2019, designed by architect Fernando Manuel Vieira de Campos and engineer Manuel Eduardo Coimbra de Sousa. At its height, Oliva employed three thousand workers. In the 1970s, it was sold to American group ITT \u2013 International Telephone and Telegraph, entering into a protracted period of decline in the 1980s that would lead to complete shutdown in 2010. The city has meanwhile acquired some of the buildings, which were rehabilitated according to the renovation model of turning former industrial installations into arts and culture centres.<\/p>\n"},{"acf_fc_layout":"flx_lyt__title","flx_lyt__title":"Team"},{"acf_fc_layout":"flx_lyt__2col","flx_lyt__text":"<p style=\"text-align: left;\"><strong>Artistic director<\/strong><br \/>\nAndreia Magalh\u00e3es<\/p>\n<p>&nbsp;<\/p>\n<p><strong>Collections and exhibitions<br \/>\n<\/strong>Maria Manuel (coord.)<\/p>\n<p>&nbsp;<\/p>\n<p><strong>Regitrar<br \/>\n<\/strong>Joana Valente<\/p>\n<p>&nbsp;<\/p>\n<p><strong>Management services coordination<\/strong><br \/>\nAlzira Silva (coord.)<br \/>\nSandra Santos<\/p>\n<p>&nbsp;<\/p>\n<p><strong>Reception<br \/>\n<\/strong>Alzira Silva<br \/>\nSandra Santos<\/p>\n<p>&nbsp;<\/p>\n<p><strong>Gallery attendant<br \/>\n<\/strong>Isabel Ferreira<\/p>\n","flx_lyt__text2":"<p>&nbsp;<\/p>\n<p>&nbsp;<\/p>\n<p>&nbsp;<\/p>\n<p><strong>Educational Project<\/strong><br \/>\nDaniel Costa (coord.)<br \/>\nJoana Ribeiro<br \/>\nMariana Rocha<br \/>\nMiguel Almeida<\/p>\n"},{"acf_fc_layout":"flx_lyt__title","flx_lyt__title":"Member"},{"acf_fc_layout":"flx_lyt__images","flx_lyt__width":"","flx_lyt__image":false,"flx_lyt__image2":false,"flx_lyt__url":"","flx_lyt__url2":"","flx_lyt__caption":"","flx_lyt__caption2":"","flx_lyt__image__numcol":true}],"metadata__title":"","metadata__description":""},"_links":{"self":[{"href":"https:\/\/centrodearteoliva.pt\/en\/wp-json\/wp\/v2\/pages\/4577","targetHints":{"allow":["GET"]}}],"collection":[{"href":"https:\/\/centrodearteoliva.pt\/en\/wp-json\/wp\/v2\/pages"}],"about":[{"href":"https:\/\/centrodearteoliva.pt\/en\/wp-json\/wp\/v2\/types\/page"}],"author":[{"embeddable":true,"href":"https:\/\/centrodearteoliva.pt\/en\/wp-json\/wp\/v2\/users\/1"}],"replies":[{"embeddable":true,"href":"https:\/\/centrodearteoliva.pt\/en\/wp-json\/wp\/v2\/comments?post=4577"}],"version-history":[{"count":11,"href":"https:\/\/centrodearteoliva.pt\/en\/wp-json\/wp\/v2\/pages\/4577\/revisions"}],"predecessor-version":[{"id":6886,"href":"https:\/\/centrodearteoliva.pt\/en\/wp-json\/wp\/v2\/pages\/4577\/revisions\/6886"}],"wp:attachment":[{"href":"https:\/\/centrodearteoliva.pt\/en\/wp-json\/wp\/v2\/media?parent=4577"}],"curies":[{"name":"wp","href":"https:\/\/api.w.org\/{rel}","templated":true}]}}